{"id":1101,"date":"2023-08-07T17:58:55","date_gmt":"2023-08-07T15:58:55","guid":{"rendered":"https:\/\/lacasadelapizzaartesana.com\/producto\/base-amb-tomaquet\/"},"modified":"2025-09-19T12:06:57","modified_gmt":"2025-09-19T10:06:57","slug":"base-amb-tomaquet","status":"publish","type":"product","link":"https:\/\/lacasadelapizzaartesana.com\/ca\/producto\/base-amb-tomaquet\/","title":{"rendered":"Base amb tom\u00e0quet"},"content":{"rendered":"","protected":false},"excerpt":{"rendered":"<p><b>Base amb tom\u00e0quet<\/b><\/p>\n<p> Farina, oli d&#8217;oliva verge extra, sal i tom\u00e0quet<\/p>\n<p> <a class=\"boto-distribuidors\" href=\"https:\/\/lacasadelapizzaartesana.com\/ca\/preus-per-a-distribuidors\">Veure preus de distribu\u00efdor<\/a><\/p>\n<p> <a class=\"boto-muestra\" href=\"https:\/\/lacasadelapizzaartesana.com\/ca\/preus-per-a-distribuidors\">Vols una mostra de la nostra pizza?<\/a><\/p>\n","protected":false},"featured_media":1158,"comment_status":"closed","ping_status":"closed","template":"","meta":{"ocean_post_layout":"","ocean_both_sidebars_style":"","ocean_both_sidebars_content_width":0,"ocean_both_sidebars_sidebars_width":0,"ocean_sidebar":"0","ocean_second_sidebar":"0","ocean_disable_margins":"enable","ocean_add_body_class":"","ocean_shortcode_before_top_bar":"","ocean_shortcode_after_top_bar":"","ocean_shortcode_before_header":"","ocean_shortcode_after_header":"","ocean_has_shortcode":"","ocean_shortcode_after_title":"","ocean_shortcode_before_footer_widgets":"","ocean_shortcode_after_footer_widgets":"","ocean_shortcode_before_footer_bottom":"","ocean_shortcode_after_footer_bottom":"","ocean_display_top_bar":"default","ocean_display_header":"default","ocean_header_style":"","ocean_center_header_left_menu":"0","ocean_custom_header_template":"0","ocean_custom_logo":0,"ocean_custom_retina_logo":0,"ocean_custom_logo_max_width":0,"ocean_custom_logo_tablet_max_width":0,"ocean_custom_logo_mobile_max_width":0,"ocean_custom_logo_max_height":0,"ocean_custom_logo_tablet_max_height":0,"ocean_custom_logo_mobile_max_height":0,"ocean_header_custom_menu":"0","ocean_menu_typo_font_family":"0","ocean_menu_typo_font_subset":"","ocean_menu_typo_font_size":0,"ocean_menu_typo_font_size_tablet":0,"ocean_menu_typo_font_size_mobile":0,"ocean_menu_typo_font_size_unit":"px","ocean_menu_typo_font_weight":"","ocean_menu_typo_font_weight_tablet":"","ocean_menu_typo_font_weight_mobile":"","ocean_menu_typo_transform":"","ocean_menu_typo_transform_tablet":"","ocean_menu_typo_transform_mobile":"","ocean_menu_typo_line_height":0,"ocean_menu_typo_line_height_tablet":0,"ocean_menu_typo_line_height_mobile":0,"ocean_menu_typo_line_height_unit":"","ocean_menu_typo_spacing":0,"ocean_menu_typo_spacing_tablet":0,"ocean_menu_typo_spacing_mobile":0,"ocean_menu_typo_spacing_unit":"","ocean_menu_link_color":"","ocean_menu_link_color_hover":"","ocean_menu_link_color_active":"","ocean_menu_link_background":"","ocean_menu_link_hover_background":"","ocean_menu_link_active_background":"","ocean_menu_social_links_bg":"","ocean_menu_social_hover_links_bg":"","ocean_menu_social_links_color":"","ocean_menu_social_hover_links_color":"","ocean_disable_title":"default","ocean_disable_heading":"default","ocean_post_title":"","ocean_post_subheading":"","ocean_post_title_style":"","ocean_post_title_background_color":"","ocean_post_title_background":0,"ocean_post_title_bg_image_position":"","ocean_post_title_bg_image_attachment":"","ocean_post_title_bg_image_repeat":"","ocean_post_title_bg_image_size":"","ocean_post_title_height":0,"ocean_post_title_bg_overlay":0.5,"ocean_post_title_bg_overlay_color":"","ocean_disable_breadcrumbs":"default","ocean_breadcrumbs_color":"","ocean_breadcrumbs_separator_color":"","ocean_breadcrumbs_links_color":"","ocean_breadcrumbs_links_hover_color":"","ocean_display_footer_widgets":"default","ocean_display_footer_bottom":"default","ocean_custom_footer_template":"0"},"product_brand":[],"product_cat":[53],"product_tag":[],"class_list":{"0":"post-1101","1":"product","2":"type-product","3":"status-publish","4":"has-post-thumbnail","6":"product_cat-bases-ca","7":"pa_tamano-28-cm-ca","8":"pa_tamano-32-cm-ca","10":"entry","11":"has-media","13":"first","14":"instock","15":"purchasable","16":"product-type-variable","17":"has-product-nav","18":"col","19":"span_1_of_4","20":"owp-content-center","21":"owp-thumbs-layout-horizontal","22":"owp-btn-normal","23":"owp-tabs-layout-horizontal","24":"has-no-thumbnails"},"yoast_head":"<!-- This site is optimized with the Yoast SEO plugin v26.4 - https:\/\/yoast.com\/wordpress\/plugins\/seo\/ -->\n<title>Base amb tom\u00e0quet | La Casa de la Pizza<\/title>\n<meta name=\"robots\" content=\"index, follow, max-snippet:-1, max-image-preview:large, max-video-preview:-1\" \/>\n<link rel=\"canonical\" href=\"https:\/\/lacasadelapizzaartesana.com\/ca\/producto\/base-amb-tomaquet\/\" \/>\n<meta property=\"og:locale\" content=\"ca_ES\" \/>\n<meta property=\"og:type\" content=\"article\" \/>\n<meta property=\"og:title\" content=\"Base amb tom\u00e0quet | La Casa de la Pizza\" \/>\n<meta property=\"og:description\" content=\"Base amb tom\u00e0quet   Farina, oli d&#039;oliva verge extra, sal i tom\u00e0quet   Veure preus de distribu\u00efdor   Vols una mostra de la nostra pizza?\" \/>\n<meta property=\"og:url\" content=\"https:\/\/lacasadelapizzaartesana.com\/ca\/producto\/base-amb-tomaquet\/\" \/>\n<meta property=\"og:site_name\" content=\"La Casa de la Pizza\" \/>\n<meta property=\"article:modified_time\" content=\"2025-09-19T10:06:57+00:00\" \/>\n<meta property=\"og:image\" content=\"https:\/\/lacasadelapizzaartesana.com\/wp-content\/uploads\/2023\/08\/1.png\" \/>\n\t<meta property=\"og:image:width\" content=\"1080\" \/>\n\t<meta property=\"og:image:height\" content=\"1080\" \/>\n\t<meta property=\"og:image:type\" content=\"image\/png\" \/>\n<meta name=\"twitter:card\" content=\"summary_large_image\" \/>\n<meta name=\"twitter:label1\" content=\"Temps estimat de lectura\" \/>\n\t<meta name=\"twitter:data1\" content=\"1 minut\" \/>\n<script type=\"application\/ld+json\" class=\"yoast-schema-graph\">{\"@context\":\"https:\/\/schema.org\",\"@graph\":[{\"@type\":\"WebPage\",\"@id\":\"https:\/\/lacasadelapizzaartesana.com\/ca\/producto\/base-amb-tomaquet\/\",\"url\":\"https:\/\/lacasadelapizzaartesana.com\/ca\/producto\/base-amb-tomaquet\/\",\"name\":\"Base amb tom\u00e0quet | La Casa de la Pizza\",\"isPartOf\":{\"@id\":\"https:\/\/lacasadelapizzaartesana.com\/ca\/#website\"},\"primaryImageOfPage\":{\"@id\":\"https:\/\/lacasadelapizzaartesana.com\/ca\/producto\/base-amb-tomaquet\/#primaryimage\"},\"image\":{\"@id\":\"https:\/\/lacasadelapizzaartesana.com\/ca\/producto\/base-amb-tomaquet\/#primaryimage\"},\"thumbnailUrl\":\"https:\/\/lacasadelapizzaartesana.com\/wp-content\/uploads\/2023\/08\/1.png\",\"datePublished\":\"2023-08-07T15:58:55+00:00\",\"dateModified\":\"2025-09-19T10:06:57+00:00\",\"breadcrumb\":{\"@id\":\"https:\/\/lacasadelapizzaartesana.com\/ca\/producto\/base-amb-tomaquet\/#breadcrumb\"},\"inLanguage\":\"ca\",\"potentialAction\":[{\"@type\":\"ReadAction\",\"target\":[\"https:\/\/lacasadelapizzaartesana.com\/ca\/producto\/base-amb-tomaquet\/\"]}]},{\"@type\":\"ImageObject\",\"inLanguage\":\"ca\",\"@id\":\"https:\/\/lacasadelapizzaartesana.com\/ca\/producto\/base-amb-tomaquet\/#primaryimage\",\"url\":\"https:\/\/lacasadelapizzaartesana.com\/wp-content\/uploads\/2023\/08\/1.png\",\"contentUrl\":\"https:\/\/lacasadelapizzaartesana.com\/wp-content\/uploads\/2023\/08\/1.png\",\"width\":1080,\"height\":1080,\"caption\":\"Bases de pizza congelades artesanals de La Casa de la Pizza, preparades amb massa de pizza per gaudir en qualsevol moment.\"},{\"@type\":\"BreadcrumbList\",\"@id\":\"https:\/\/lacasadelapizzaartesana.com\/ca\/producto\/base-amb-tomaquet\/#breadcrumb\",\"itemListElement\":[{\"@type\":\"ListItem\",\"position\":1,\"name\":\"Inicio\",\"item\":\"https:\/\/lacasadelapizzaartesana.com\/ca\/inici\/\"},{\"@type\":\"ListItem\",\"position\":2,\"name\":\"Productos\",\"item\":\"https:\/\/lacasadelapizzaartesana.com\/tienda\/\"},{\"@type\":\"ListItem\",\"position\":3,\"name\":\"Base amb tom\u00e0quet\"}]},{\"@type\":\"WebSite\",\"@id\":\"https:\/\/lacasadelapizzaartesana.com\/ca\/#website\",\"url\":\"https:\/\/lacasadelapizzaartesana.com\/ca\/\",\"name\":\"La Casa de la Pizza\",\"description\":\"La Casa de la Pizza\",\"publisher\":{\"@id\":\"https:\/\/lacasadelapizzaartesana.com\/ca\/#organization\"},\"potentialAction\":[{\"@type\":\"SearchAction\",\"target\":{\"@type\":\"EntryPoint\",\"urlTemplate\":\"https:\/\/lacasadelapizzaartesana.com\/ca\/?s={search_term_string}\"},\"query-input\":{\"@type\":\"PropertyValueSpecification\",\"valueRequired\":true,\"valueName\":\"search_term_string\"}}],\"inLanguage\":\"ca\"},{\"@type\":\"Organization\",\"@id\":\"https:\/\/lacasadelapizzaartesana.com\/ca\/#organization\",\"name\":\"La Casa de la Pizza\",\"url\":\"https:\/\/lacasadelapizzaartesana.com\/ca\/\",\"logo\":{\"@type\":\"ImageObject\",\"inLanguage\":\"ca\",\"@id\":\"https:\/\/lacasadelapizzaartesana.com\/ca\/#\/schema\/logo\/image\/\",\"url\":\"https:\/\/lacasadelapizzaartesana.com\/wp-content\/uploads\/2023\/06\/cropped-PhotoRoom_20210613_095842.png\",\"contentUrl\":\"https:\/\/lacasadelapizzaartesana.com\/wp-content\/uploads\/2023\/06\/cropped-PhotoRoom_20210613_095842.png\",\"width\":1600,\"height\":682,\"caption\":\"La Casa de la Pizza\"},\"image\":{\"@id\":\"https:\/\/lacasadelapizzaartesana.com\/ca\/#\/schema\/logo\/image\/\"}}]}<\/script>\n<!-- \/ Yoast SEO plugin. -->","yoast_head_json":{"title":"Base amb tom\u00e0quet | La Casa de la Pizza","robots":{"index":"index","follow":"follow","max-snippet":"max-snippet:-1","max-image-preview":"max-image-preview:large","max-video-preview":"max-video-preview:-1"},"canonical":"https:\/\/lacasadelapizzaartesana.com\/ca\/producto\/base-amb-tomaquet\/","og_locale":"ca_ES","og_type":"article","og_title":"Base amb tom\u00e0quet | La Casa de la Pizza","og_description":"Base amb tom\u00e0quet   Farina, oli d'oliva verge extra, sal i tom\u00e0quet   Veure preus de distribu\u00efdor   Vols una mostra de la nostra pizza?","og_url":"https:\/\/lacasadelapizzaartesana.com\/ca\/producto\/base-amb-tomaquet\/","og_site_name":"La Casa de la Pizza","article_modified_time":"2025-09-19T10:06:57+00:00","og_image":[{"width":1080,"height":1080,"url":"https:\/\/lacasadelapizzaartesana.com\/wp-content\/uploads\/2023\/08\/1.png","type":"image\/png"}],"twitter_card":"summary_large_image","twitter_misc":{"Temps estimat de lectura":"1 minut"},"schema":{"@context":"https:\/\/schema.org","@graph":[{"@type":"WebPage","@id":"https:\/\/lacasadelapizzaartesana.com\/ca\/producto\/base-amb-tomaquet\/","url":"https:\/\/lacasadelapizzaartesana.com\/ca\/producto\/base-amb-tomaquet\/","name":"Base amb tom\u00e0quet | La Casa de la Pizza","isPartOf":{"@id":"https:\/\/lacasadelapizzaartesana.com\/ca\/#website"},"primaryImageOfPage":{"@id":"https:\/\/lacasadelapizzaartesana.com\/ca\/producto\/base-amb-tomaquet\/#primaryimage"},"image":{"@id":"https:\/\/lacasadelapizzaartesana.com\/ca\/producto\/base-amb-tomaquet\/#primaryimage"},"thumbnailUrl":"https:\/\/lacasadelapizzaartesana.com\/wp-content\/uploads\/2023\/08\/1.png","datePublished":"2023-08-07T15:58:55+00:00","dateModified":"2025-09-19T10:06:57+00:00","breadcrumb":{"@id":"https:\/\/lacasadelapizzaartesana.com\/ca\/producto\/base-amb-tomaquet\/#breadcrumb"},"inLanguage":"ca","potentialAction":[{"@type":"ReadAction","target":["https:\/\/lacasadelapizzaartesana.com\/ca\/producto\/base-amb-tomaquet\/"]}]},{"@type":"ImageObject","inLanguage":"ca","@id":"https:\/\/lacasadelapizzaartesana.com\/ca\/producto\/base-amb-tomaquet\/#primaryimage","url":"https:\/\/lacasadelapizzaartesana.com\/wp-content\/uploads\/2023\/08\/1.png","contentUrl":"https:\/\/lacasadelapizzaartesana.com\/wp-content\/uploads\/2023\/08\/1.png","width":1080,"height":1080,"caption":"Bases de pizza congelades artesanals de La Casa de la Pizza, preparades amb massa de pizza per gaudir en qualsevol moment."},{"@type":"BreadcrumbList","@id":"https:\/\/lacasadelapizzaartesana.com\/ca\/producto\/base-amb-tomaquet\/#breadcrumb","itemListElement":[{"@type":"ListItem","position":1,"name":"Inicio","item":"https:\/\/lacasadelapizzaartesana.com\/ca\/inici\/"},{"@type":"ListItem","position":2,"name":"Productos","item":"https:\/\/lacasadelapizzaartesana.com\/tienda\/"},{"@type":"ListItem","position":3,"name":"Base amb tom\u00e0quet"}]},{"@type":"WebSite","@id":"https:\/\/lacasadelapizzaartesana.com\/ca\/#website","url":"https:\/\/lacasadelapizzaartesana.com\/ca\/","name":"La Casa de la Pizza","description":"La Casa de la Pizza","publisher":{"@id":"https:\/\/lacasadelapizzaartesana.com\/ca\/#organization"},"potentialAction":[{"@type":"SearchAction","target":{"@type":"EntryPoint","urlTemplate":"https:\/\/lacasadelapizzaartesana.com\/ca\/?s={search_term_string}"},"query-input":{"@type":"PropertyValueSpecification","valueRequired":true,"valueName":"search_term_string"}}],"inLanguage":"ca"},{"@type":"Organization","@id":"https:\/\/lacasadelapizzaartesana.com\/ca\/#organization","name":"La Casa de la Pizza","url":"https:\/\/lacasadelapizzaartesana.com\/ca\/","logo":{"@type":"ImageObject","inLanguage":"ca","@id":"https:\/\/lacasadelapizzaartesana.com\/ca\/#\/schema\/logo\/image\/","url":"https:\/\/lacasadelapizzaartesana.com\/wp-content\/uploads\/2023\/06\/cropped-PhotoRoom_20210613_095842.png","contentUrl":"https:\/\/lacasadelapizzaartesana.com\/wp-content\/uploads\/2023\/06\/cropped-PhotoRoom_20210613_095842.png","width":1600,"height":682,"caption":"La Casa de la Pizza"},"image":{"@id":"https:\/\/lacasadelapizzaartesana.com\/ca\/#\/schema\/logo\/image\/"}}]}},"_links":{"self":[{"href":"https:\/\/lacasadelapizzaartesana.com\/ca\/wp-json\/wp\/v2\/product\/1101","targetHints":{"allow":["GET"]}}],"collection":[{"href":"https:\/\/lacasadelapizzaartesana.com\/ca\/wp-json\/wp\/v2\/product"}],"about":[{"href":"https:\/\/lacasadelapizzaartesana.com\/ca\/wp-json\/wp\/v2\/types\/product"}],"replies":[{"embeddable":true,"href":"https:\/\/lacasadelapizzaartesana.com\/ca\/wp-json\/wp\/v2\/comments?post=1101"}],"wp:featuredmedia":[{"embeddable":true,"href":"https:\/\/lacasadelapizzaartesana.com\/ca\/wp-json\/wp\/v2\/media\/1158"}],"wp:attachment":[{"href":"https:\/\/lacasadelapizzaartesana.com\/ca\/wp-json\/wp\/v2\/media?parent=1101"}],"wp:term":[{"taxonomy":"product_brand","embeddable":true,"href":"https:\/\/lacasadelapizzaartesana.com\/ca\/wp-json\/wp\/v2\/product_brand?post=1101"},{"taxonomy":"product_cat","embeddable":true,"href":"https:\/\/lacasadelapizzaartesana.com\/ca\/wp-json\/wp\/v2\/product_cat?post=1101"},{"taxonomy":"product_tag","embeddable":true,"href":"https:\/\/lacasadelapizzaartesana.com\/ca\/wp-json\/wp\/v2\/product_tag?post=1101"}],"curies":[{"name":"wp","href":"https:\/\/api.w.org\/{rel}","templated":true}]}}